{"id":245,"date":"2023-08-11T16:36:20","date_gmt":"2023-08-11T14:36:20","guid":{"rendered":"https:\/\/www.monch.it\/demo\/micros\/unternehmen\/"},"modified":"2026-01-14T21:35:06","modified_gmt":"2026-01-14T20:35:06","slug":"azienda","status":"publish","type":"page","link":"https:\/\/micros-automation.com\/it\/azienda\/","title":{"rendered":"Azienda"},"content":{"rendered":"<p>Dare forma al futuro insieme a noi.<br \/>\nMai da soli. Ma come squadra.<br \/>\nDietro ogni grande macchina c\u2019\u00e8 un solido lavoro di squadra.<br \/>\nLa nostra azienda a conduzione famigliare si fonda sulla fiducia, la coesione e ci\u00f2 che ci accomuna come persone: la volont\u00e0 di fare la differenza.<br \/>\nQui ci\u00f2 che conta non \u00e8 l\u2019IO ma il NOI \u2013 ma il contributo del singolo fa davvero la differenza.<br \/>\nDiamo forma al futuro lavorando all\u2019unisono verso un obiettivo comune.<\/p>\n","protected":false},"excerpt":{"rendered":"<p>Dare forma al futuro insieme a noi. Mai da soli. Ma come squadra. Dietro ogni grande macchina c\u2019\u00e8 un solido lavoro di squadra. La nostra azienda a conduzione famigliare si fonda sulla fiducia, la coesione e ci\u00f2 che ci accomuna come persone: la volont\u00e0 di fare la differenza. Qui ci\u00f2 che conta non \u00e8 l\u2019IO [&hellip;]<\/p>\n","protected":false},"author":1,"featured_media":1426,"parent":0,"menu_order":0,"comment_status":"closed","ping_status":"closed","template":"","meta":{"_acf_changed":false,"footnotes":""},"class_list":["post-245","page","type-page","status-publish","has-post-thumbnail","hentry"],"acf":[],"yoast_head":"<!-- This site is optimized with the Yoast SEO plugin v27.4 - https:\/\/yoast.com\/product\/yoast-seo-wordpress\/ -->\n<title>Azienda - Micros Automation<\/title>\n<meta name=\"robots\" content=\"index, follow, max-snippet:-1, max-image-preview:large, max-video-preview:-1\" \/>\n<link rel=\"canonical\" href=\"https:\/\/micros-automation.com\/it\/azienda\/\" \/>\n<meta property=\"og:locale\" content=\"it_IT\" \/>\n<meta property=\"og:type\" content=\"article\" \/>\n<meta property=\"og:title\" content=\"Azienda - Micros Automation\" \/>\n<meta property=\"og:description\" content=\"Dare forma al futuro insieme a noi. Mai da soli. Ma come squadra. Dietro ogni grande macchina c\u2019\u00e8 un solido lavoro di squadra. La nostra azienda a conduzione famigliare si fonda sulla fiducia, la coesione e ci\u00f2 che ci accomuna come persone: la volont\u00e0 di fare la differenza. Qui ci\u00f2 che conta non \u00e8 l\u2019IO [&hellip;]\" \/>\n<meta property=\"og:url\" content=\"https:\/\/micros-automation.com\/it\/azienda\/\" \/>\n<meta property=\"og:site_name\" content=\"Micros Automation\" \/>\n<meta property=\"article:modified_time\" content=\"2026-01-14T20:35:06+00:00\" \/>\n<meta property=\"og:image\" content=\"https:\/\/micros-automation.com\/assets\/uploads\/09_MICROS-GAIS_IMG_7777_GW-e1710940306215.jpg\" \/>\n\t<meta property=\"og:image:width\" content=\"1920\" \/>\n\t<meta property=\"og:image:height\" content=\"1281\" \/>\n\t<meta property=\"og:image:type\" content=\"image\/jpeg\" \/>\n<meta name=\"twitter:card\" content=\"summary_large_image\" \/>\n<meta name=\"twitter:label1\" content=\"Tempo di lettura stimato\" \/>\n\t<meta name=\"twitter:data1\" content=\"6 minuti\" \/>\n<script type=\"application\/ld+json\" class=\"yoast-schema-graph\">{\"@context\":\"https:\\\/\\\/schema.org\",\"@graph\":[{\"@type\":\"WebPage\",\"@id\":\"https:\\\/\\\/micros-automation.com\\\/it\\\/azienda\\\/\",\"url\":\"https:\\\/\\\/micros-automation.com\\\/it\\\/azienda\\\/\",\"name\":\"Azienda - Micros Automation\",\"isPartOf\":{\"@id\":\"https:\\\/\\\/micros-automation.com\\\/it\\\/#website\"},\"primaryImageOfPage\":{\"@id\":\"https:\\\/\\\/micros-automation.com\\\/it\\\/azienda\\\/#primaryimage\"},\"image\":{\"@id\":\"https:\\\/\\\/micros-automation.com\\\/it\\\/azienda\\\/#primaryimage\"},\"thumbnailUrl\":\"https:\\\/\\\/micros-automation.com\\\/assets\\\/uploads\\\/09_MICROS-GAIS_IMG_7777_GW-e1710940306215.jpg\",\"datePublished\":\"2023-08-11T14:36:20+00:00\",\"dateModified\":\"2026-01-14T20:35:06+00:00\",\"breadcrumb\":{\"@id\":\"https:\\\/\\\/micros-automation.com\\\/it\\\/azienda\\\/#breadcrumb\"},\"inLanguage\":\"it-IT\",\"potentialAction\":[{\"@type\":\"ReadAction\",\"target\":[\"https:\\\/\\\/micros-automation.com\\\/it\\\/azienda\\\/\"]}]},{\"@type\":\"ImageObject\",\"inLanguage\":\"it-IT\",\"@id\":\"https:\\\/\\\/micros-automation.com\\\/it\\\/azienda\\\/#primaryimage\",\"url\":\"https:\\\/\\\/micros-automation.com\\\/assets\\\/uploads\\\/09_MICROS-GAIS_IMG_7777_GW-e1710940306215.jpg\",\"contentUrl\":\"https:\\\/\\\/micros-automation.com\\\/assets\\\/uploads\\\/09_MICROS-GAIS_IMG_7777_GW-e1710940306215.jpg\",\"width\":1920,\"height\":1281},{\"@type\":\"BreadcrumbList\",\"@id\":\"https:\\\/\\\/micros-automation.com\\\/it\\\/azienda\\\/#breadcrumb\",\"itemListElement\":[{\"@type\":\"ListItem\",\"position\":1,\"name\":\"Home\",\"item\":\"https:\\\/\\\/micros-automation.com\\\/it\\\/\"},{\"@type\":\"ListItem\",\"position\":2,\"name\":\"Azienda\"}]},{\"@type\":\"WebSite\",\"@id\":\"https:\\\/\\\/micros-automation.com\\\/it\\\/#website\",\"url\":\"https:\\\/\\\/micros-automation.com\\\/it\\\/\",\"name\":\"Micros Automation\",\"description\":\"Sondermaschinen - Bruneck - S\u00fcdtirol\",\"publisher\":{\"@id\":\"https:\\\/\\\/micros-automation.com\\\/it\\\/#organization\"},\"potentialAction\":[{\"@type\":\"SearchAction\",\"target\":{\"@type\":\"EntryPoint\",\"urlTemplate\":\"https:\\\/\\\/micros-automation.com\\\/it\\\/?s={search_term_string}\"},\"query-input\":{\"@type\":\"PropertyValueSpecification\",\"valueRequired\":true,\"valueName\":\"search_term_string\"}}],\"inLanguage\":\"it-IT\"},{\"@type\":\"Organization\",\"@id\":\"https:\\\/\\\/micros-automation.com\\\/it\\\/#organization\",\"name\":\"Micros Automation\",\"url\":\"https:\\\/\\\/micros-automation.com\\\/it\\\/\",\"logo\":{\"@type\":\"ImageObject\",\"inLanguage\":\"it-IT\",\"@id\":\"https:\\\/\\\/micros-automation.com\\\/it\\\/#\\\/schema\\\/logo\\\/image\\\/\",\"url\":\"https:\\\/\\\/micros-automation.com\\\/assets\\\/uploads\\\/logo.svg\",\"contentUrl\":\"https:\\\/\\\/micros-automation.com\\\/assets\\\/uploads\\\/logo.svg\",\"width\":1,\"height\":1,\"caption\":\"Micros Automation\"},\"image\":{\"@id\":\"https:\\\/\\\/micros-automation.com\\\/it\\\/#\\\/schema\\\/logo\\\/image\\\/\"}}]}<\/script>\n<!-- \/ Yoast SEO plugin. -->","yoast_head_json":{"title":"Azienda - Micros Automation","robots":{"index":"index","follow":"follow","max-snippet":"max-snippet:-1","max-image-preview":"max-image-preview:large","max-video-preview":"max-video-preview:-1"},"canonical":"https:\/\/micros-automation.com\/it\/azienda\/","og_locale":"it_IT","og_type":"article","og_title":"Azienda - Micros Automation","og_description":"Dare forma al futuro insieme a noi. Mai da soli. Ma come squadra. Dietro ogni grande macchina c\u2019\u00e8 un solido lavoro di squadra. La nostra azienda a conduzione famigliare si fonda sulla fiducia, la coesione e ci\u00f2 che ci accomuna come persone: la volont\u00e0 di fare la differenza. Qui ci\u00f2 che conta non \u00e8 l\u2019IO [&hellip;]","og_url":"https:\/\/micros-automation.com\/it\/azienda\/","og_site_name":"Micros Automation","article_modified_time":"2026-01-14T20:35:06+00:00","og_image":[{"width":1920,"height":1281,"url":"https:\/\/micros-automation.com\/assets\/uploads\/09_MICROS-GAIS_IMG_7777_GW-e1710940306215.jpg","type":"image\/jpeg"}],"twitter_card":"summary_large_image","twitter_misc":{"Tempo di lettura stimato":"6 minuti"},"schema":{"@context":"https:\/\/schema.org","@graph":[{"@type":"WebPage","@id":"https:\/\/micros-automation.com\/it\/azienda\/","url":"https:\/\/micros-automation.com\/it\/azienda\/","name":"Azienda - Micros Automation","isPartOf":{"@id":"https:\/\/micros-automation.com\/it\/#website"},"primaryImageOfPage":{"@id":"https:\/\/micros-automation.com\/it\/azienda\/#primaryimage"},"image":{"@id":"https:\/\/micros-automation.com\/it\/azienda\/#primaryimage"},"thumbnailUrl":"https:\/\/micros-automation.com\/assets\/uploads\/09_MICROS-GAIS_IMG_7777_GW-e1710940306215.jpg","datePublished":"2023-08-11T14:36:20+00:00","dateModified":"2026-01-14T20:35:06+00:00","breadcrumb":{"@id":"https:\/\/micros-automation.com\/it\/azienda\/#breadcrumb"},"inLanguage":"it-IT","potentialAction":[{"@type":"ReadAction","target":["https:\/\/micros-automation.com\/it\/azienda\/"]}]},{"@type":"ImageObject","inLanguage":"it-IT","@id":"https:\/\/micros-automation.com\/it\/azienda\/#primaryimage","url":"https:\/\/micros-automation.com\/assets\/uploads\/09_MICROS-GAIS_IMG_7777_GW-e1710940306215.jpg","contentUrl":"https:\/\/micros-automation.com\/assets\/uploads\/09_MICROS-GAIS_IMG_7777_GW-e1710940306215.jpg","width":1920,"height":1281},{"@type":"BreadcrumbList","@id":"https:\/\/micros-automation.com\/it\/azienda\/#breadcrumb","itemListElement":[{"@type":"ListItem","position":1,"name":"Home","item":"https:\/\/micros-automation.com\/it\/"},{"@type":"ListItem","position":2,"name":"Azienda"}]},{"@type":"WebSite","@id":"https:\/\/micros-automation.com\/it\/#website","url":"https:\/\/micros-automation.com\/it\/","name":"Micros Automation","description":"Sondermaschinen - Bruneck - S\u00fcdtirol","publisher":{"@id":"https:\/\/micros-automation.com\/it\/#organization"},"potentialAction":[{"@type":"SearchAction","target":{"@type":"EntryPoint","urlTemplate":"https:\/\/micros-automation.com\/it\/?s={search_term_string}"},"query-input":{"@type":"PropertyValueSpecification","valueRequired":true,"valueName":"search_term_string"}}],"inLanguage":"it-IT"},{"@type":"Organization","@id":"https:\/\/micros-automation.com\/it\/#organization","name":"Micros Automation","url":"https:\/\/micros-automation.com\/it\/","logo":{"@type":"ImageObject","inLanguage":"it-IT","@id":"https:\/\/micros-automation.com\/it\/#\/schema\/logo\/image\/","url":"https:\/\/micros-automation.com\/assets\/uploads\/logo.svg","contentUrl":"https:\/\/micros-automation.com\/assets\/uploads\/logo.svg","width":1,"height":1,"caption":"Micros Automation"},"image":{"@id":"https:\/\/micros-automation.com\/it\/#\/schema\/logo\/image\/"}}]}},"_links":{"self":[{"href":"https:\/\/micros-automation.com\/it\/wp-json\/wp\/v2\/pages\/245","targetHints":{"allow":["GET"]}}],"collection":[{"href":"https:\/\/micros-automation.com\/it\/wp-json\/wp\/v2\/pages"}],"about":[{"href":"https:\/\/micros-automation.com\/it\/wp-json\/wp\/v2\/types\/page"}],"author":[{"embeddable":true,"href":"https:\/\/micros-automation.com\/it\/wp-json\/wp\/v2\/users\/1"}],"replies":[{"embeddable":true,"href":"https:\/\/micros-automation.com\/it\/wp-json\/wp\/v2\/comments?post=245"}],"version-history":[{"count":85,"href":"https:\/\/micros-automation.com\/it\/wp-json\/wp\/v2\/pages\/245\/revisions"}],"predecessor-version":[{"id":2122,"href":"https:\/\/micros-automation.com\/it\/wp-json\/wp\/v2\/pages\/245\/revisions\/2122"}],"wp:featuredmedia":[{"embeddable":true,"href":"https:\/\/micros-automation.com\/it\/wp-json\/wp\/v2\/media\/1426"}],"wp:attachment":[{"href":"https:\/\/micros-automation.com\/it\/wp-json\/wp\/v2\/media?parent=245"}],"curies":[{"name":"wp","href":"https:\/\/api.w.org\/{rel}","templated":true}]}}